{"id":1659,"date":"2016-09-26T12:29:25","date_gmt":"2016-09-26T10:29:25","guid":{"rendered":"https:\/\/weimar-reise.de\/anfrage\/"},"modified":"2025-03-25T08:07:20","modified_gmt":"2025-03-25T07:07:20","slug":"anfrage","status":"publish","type":"page","link":"https:\/\/weimar-reise.de\/en\/anfrage\/","title":{"rendered":"Anfrage\/Kalender"},"content":{"rendered":"<h2>Am Lottenbach<\/h2>\n<div>\n<p>50.9788,11.3079<\/p>\n<h3>Am Lottenbach<\/h3>\n<div>Paul-Schneider-Stra\u00dfe 63<\/p>\n<\/div>\n<\/div>\n<h2>Tirso de Milano<\/h2>\n<div>\n<p>50.9802,11.3296<\/p>\n<h3>Tirso de Milano<\/h3>\n<div>Kaufstr. 16<\/div>\n<\/div>\n<h2>Jetzt buchen oder unverbindlich anfragen:<\/h2>\n<div>\n<p>M\u00f6chten Sie jetzt Ihre Reise planen? Im Kalender sehen Sie die freien Tage f\u00fcr Ihre Wunsch-Ferienwohnung.\u00a0 Sie m\u00fcssen nur links am oberen Rand des Kalenderfelds den gew\u00fcnschten Monat einstellen. Nutzen Sie zur Anfrage bitte das Formular. Wir melden uns in wenigen Stunden bei Ihnen.<br \/>Buchen ohne Bedenken: Sollte es wider Erwarten doch noch einmal beh\u00f6rdliche Einschr\u00e4nkungen der Reisefreiheit geben, erhalten Sie nat\u00fcrlich Ihr Geld zur\u00fcck!<\/p>\n<\/div>\n<div><iframe loading=\"lazy\" src=\"https:\/\/www.vakanzkalender.de\/100249_1_1______cat_1070_vp.html\" width=\"650px\" height=\"150px\" frameborder=\"0\"><\/iframe><\/div>\n<div><! powered by www.vakanzkalender.de - der online Belegungsplan f\u00fcr Ihre Homepage !><br \/>\n<IFRAME src=\"https:\/\/www.vakanzkalender.de\/6061_buchungsformular.html\" width=\"400px\" height=\"400px\" frameborder=\"0\"><\/IFRAME><br \/>\n<! powered by www.vakanzkalender.de - der online Belegungsplan f\u00fcr Ihre Homepage !><\/div>\n<p><!--more--><br \/>\n<!-- {\"type\":\"layout\",\"children\":[{\"type\":\"section\",\"props\":{\"image_position\":\"center-center\",\"padding\":\"xsmall\",\"style\":\"primary\",\"title_breakpoint\":\"xl\",\"title_position\":\"top-left\",\"title_rotation\":\"left\",\"vertical_align\":\"\",\"width\":\"default\"},\"children\":[{\"type\":\"row\",\"props\":{\"layout\":\"1-4,1-4,1-4,1-4|1-2,1-2,1-2,1-2\"},\"children\":[{\"type\":\"column\",\"props\":{\"image_position\":\"center-center\",\"position_sticky_breakpoint\":\"m\",\"width_medium\":\"1-4\",\"width_small\":\"1-2\"}},{\"type\":\"column\",\"props\":{\"image_position\":\"center-center\",\"position_sticky_breakpoint\":\"m\",\"width_medium\":\"1-4\",\"width_small\":\"1-2\"},\"children\":[{\"type\":\"headline\",\"props\":{\"content\":\"Am Lottenbach\",\"text_align\":\"center\",\"title_element\":\"h2\"}},{\"type\":\"map\",\"props\":{\"controls\":true,\"dragging\":false,\"image_svg_color\":\"emphasis\",\"link_style\":\"default\",\"link_text\":\"Read more\",\"margin\":\"default\",\"max_zoom\":18,\"meta_align\":\"below-title\",\"meta_element\":\"div\",\"meta_style\":\"text-meta\",\"min_zoom\":0,\"poi\":false,\"show_content\":true,\"show_image\":true,\"show_link\":true,\"show_meta\":true,\"show_title\":true,\"title_element\":\"h3\",\"title_hover_style\":\"reset\",\"type\":\"roadmap\",\"zoom\":\"14\",\"zooming\":false},\"children\":[{\"type\":\"map_item\",\"props\":{\"content\":\"Paul-Schneider-Stra\\u00dfe 63<\\\/p>\",\"location\":\"50.9788,11.3079\",\"title\":\"Am Lottenbach\"}}]}]},{\"type\":\"column\",\"props\":{\"image_position\":\"center-center\",\"position_sticky_breakpoint\":\"m\",\"width_medium\":\"1-4\",\"width_small\":\"1-2\"},\"children\":[{\"type\":\"headline\",\"props\":{\"content\":\"Tirso de Milano\",\"text_align\":\"center\",\"title_element\":\"h2\"}},{\"type\":\"map\",\"props\":{\"controls\":true,\"dragging\":false,\"image_svg_color\":\"emphasis\",\"link_style\":\"default\",\"link_text\":\"Read more\",\"margin\":\"default\",\"max_zoom\":18,\"meta_align\":\"below-title\",\"meta_element\":\"div\",\"meta_style\":\"text-meta\",\"min_zoom\":0,\"poi\":false,\"show_content\":true,\"show_image\":true,\"show_link\":true,\"show_meta\":true,\"show_title\":true,\"title_element\":\"h3\",\"title_hover_style\":\"reset\",\"type\":\"roadmap\",\"zoom\":\"15\",\"zooming\":false},\"children\":[{\"type\":\"map_item\",\"props\":{\"content\":\"Kaufstr. 16\",\"location\":\"50.9802,11.3296\",\"title\":\"Tirso de Milano\"}}]}]},{\"type\":\"column\",\"props\":{\"image_position\":\"center-center\",\"position_sticky_breakpoint\":\"m\",\"width_medium\":\"1-4\",\"width_small\":\"1-2\"}}]}]},{\"type\":\"section\",\"props\":{\"css\":\".wp-full-overlay-main iframe-ready {background-color:#000;}\",\"image_position\":\"center-center\",\"padding\":\"xsmall\",\"preserve_color\":true,\"style\":\"muted\",\"title_breakpoint\":\"xl\",\"title_position\":\"top-left\",\"title_rotation\":\"left\",\"vertical_align\":\"\",\"width\":\"default\"},\"children\":[{\"type\":\"row\",\"props\":{\"layout\":\"2-3,1-3\"},\"children\":[{\"type\":\"column\",\"props\":{\"image_position\":\"center-center\",\"position_sticky_breakpoint\":\"m\",\"width_medium\":\"2-3\"},\"children\":[{\"type\":\"headline\",\"props\":{\"content\":\"Jetzt buchen oder unverbindlich anfragen:\",\"text_align\":\"left\",\"title_element\":\"h2\"}},{\"type\":\"text\",\"props\":{\"column_breakpoint\":\"m\",\"content\":\"\n\n<p>M\\u00f6chten Sie jetzt Ihre Reise planen? Im Kalender sehen Sie die freien Tage f\\u00fcr Ihre Wunsch-Ferienwohnung.\\u00a0 Sie m\\u00fcssen nur links am oberen Rand des Kalenderfelds den gew\\u00fcnschten Monat einstellen. Nutzen Sie zur Anfrage bitte das Formular. Wir melden uns in wenigen Stunden bei Ihnen.<br \\\/>Buchen ohne Bedenken: Sollte es wider Erwarten doch noch einmal beh\\u00f6rdliche Einschr\\u00e4nkungen der Reisefreiheit geben, erhalten Sie nat\\u00fcrlich Ihr Geld zur\\u00fcck!<\\\/p>\",\"margin\":\"default\",\"text_style\":\"lead\"}},{\"type\":\"text\",\"props\":{\"column_breakpoint\":\"m\",\"content\":\"<iframe src=\\\"https:\\\/\\\/www.vakanzkalender.de\\\/100249_1_1______cat_1070_vp.html\\\" width=\\\"650px\\\" height=\\\"150px\\\" frameborder=\\\"0\\\"><\\\/iframe>\",\"margin\":\"default\"}}]},{\"type\":\"column\",\"props\":{\"image_position\":\"center-center\",\"position_sticky_breakpoint\":\"m\",\"width_medium\":\"1-3\"},\"children\":[{\"type\":\"text\",\"props\":{\"column_breakpoint\":\"m\",\"content\":\"<! powered by www.vakanzkalender.de - der online Belegungsplan f\\u00fcr Ihre Homepage !>\\n<IFRAME src=\\\"https:\\\/\\\/www.vakanzkalender.de\\\/6061_buchungsformular.html\\\" width=\\\"400px\\\" height=\\\"400px\\\" frameborder=\\\"0\\\"><\\\/IFRAME>\\n<! powered by www.vakanzkalender.de - der online Belegungsplan f\\u00fcr Ihre Homepage !>\",\"margin\":\"default\"}}]}]}]}],\"version\":\"4.5.11\"} --><\/p>\n","protected":false},"excerpt":{"rendered":"<p>Am Lottenbach 50.9788,11.3079 Am Lottenbach Paul-Schneider-Stra\u00dfe 63 Tirso de Milano 50.9802,11.3296 Tirso de Milano Kaufstr. 16 Jetzt buchen oder unverbindlich anfragen: M\u00f6chten Sie jetzt Ihre Reise planen? Im Kalender sehen Sie die freien Tage f\u00fcr Ihre Wunsch-Ferienwohnung.\u00a0 Sie m\u00fcssen nur links am oberen Rand des Kalenderfelds den gew\u00fcnschten Monat einstellen. Nutzen Sie zur Anfrage bitte [&hellip;]<\/p>\n","protected":false},"author":2,"featured_media":0,"parent":0,"menu_order":7,"comment_status":"closed","ping_status":"closed","template":"","meta":{"footnotes":""},"class_list":["post-1659","page","type-page","status-publish","hentry"],"yoast_head":"<!-- This site is optimized with the Yoast SEO plugin v27.4 - https:\/\/yoast.com\/product\/yoast-seo-wordpress\/ -->\n<title>Anfrage\/Kalender - Weimar Reise<\/title>\n<meta name=\"robots\" content=\"index, follow, max-snippet:-1, max-image-preview:large, max-video-preview:-1\" \/>\n<link rel=\"canonical\" href=\"https:\/\/weimar-reise.de\/en\/anfrage\/\" \/>\n<meta property=\"og:locale\" content=\"en_US\" \/>\n<meta property=\"og:type\" content=\"article\" \/>\n<meta property=\"og:title\" content=\"Anfrage\/Kalender - Weimar Reise\" \/>\n<meta property=\"og:description\" content=\"Am Lottenbach 50.9788,11.3079 Am Lottenbach Paul-Schneider-Stra\u00dfe 63 Tirso de Milano 50.9802,11.3296 Tirso de Milano Kaufstr. 16 Jetzt buchen oder unverbindlich anfragen: M\u00f6chten Sie jetzt Ihre Reise planen? Im Kalender sehen Sie die freien Tage f\u00fcr Ihre Wunsch-Ferienwohnung.\u00a0 Sie m\u00fcssen nur links am oberen Rand des Kalenderfelds den gew\u00fcnschten Monat einstellen. Nutzen Sie zur Anfrage bitte [&hellip;]\" \/>\n<meta property=\"og:url\" content=\"https:\/\/weimar-reise.de\/en\/anfrage\/\" \/>\n<meta property=\"og:site_name\" content=\"Weimar Reise\" \/>\n<meta property=\"article:modified_time\" content=\"2025-03-25T07:07:20+00:00\" \/>\n<meta name=\"twitter:card\" content=\"summary_large_image\" \/>\n<script type=\"application\/ld+json\" class=\"yoast-schema-graph\">{\"@context\":\"https:\\\/\\\/schema.org\",\"@graph\":[{\"@type\":\"WebPage\",\"@id\":\"https:\\\/\\\/weimar-reise.de\\\/en\\\/anfrage\\\/\",\"url\":\"https:\\\/\\\/weimar-reise.de\\\/en\\\/anfrage\\\/\",\"name\":\"Anfrage\\\/Kalender - Weimar Reise\",\"isPartOf\":{\"@id\":\"https:\\\/\\\/weimar-reise.de\\\/#website\"},\"datePublished\":\"2016-09-26T10:29:25+00:00\",\"dateModified\":\"2025-03-25T07:07:20+00:00\",\"breadcrumb\":{\"@id\":\"https:\\\/\\\/weimar-reise.de\\\/en\\\/anfrage\\\/#breadcrumb\"},\"inLanguage\":\"en-US\",\"potentialAction\":[{\"@type\":\"ReadAction\",\"target\":[\"https:\\\/\\\/weimar-reise.de\\\/en\\\/anfrage\\\/\"]}]},{\"@type\":\"BreadcrumbList\",\"@id\":\"https:\\\/\\\/weimar-reise.de\\\/en\\\/anfrage\\\/#breadcrumb\",\"itemListElement\":[{\"@type\":\"ListItem\",\"position\":1,\"name\":\"Startseite\",\"item\":\"https:\\\/\\\/weimar-reise.de\\\/\"},{\"@type\":\"ListItem\",\"position\":2,\"name\":\"Anfrage\\\/Kalender\"}]},{\"@type\":\"WebSite\",\"@id\":\"https:\\\/\\\/weimar-reise.de\\\/#website\",\"url\":\"https:\\\/\\\/weimar-reise.de\\\/\",\"name\":\"Weimar Reise\",\"description\":\"Ferienwohnungen in Weimar\",\"potentialAction\":[{\"@type\":\"SearchAction\",\"target\":{\"@type\":\"EntryPoint\",\"urlTemplate\":\"https:\\\/\\\/weimar-reise.de\\\/?s={search_term_string}\"},\"query-input\":{\"@type\":\"PropertyValueSpecification\",\"valueRequired\":true,\"valueName\":\"search_term_string\"}}],\"inLanguage\":\"en-US\"}]}<\/script>\n<!-- \/ Yoast SEO plugin. -->","yoast_head_json":{"title":"Anfrage\/Kalender - Weimar Reise","robots":{"index":"index","follow":"follow","max-snippet":"max-snippet:-1","max-image-preview":"max-image-preview:large","max-video-preview":"max-video-preview:-1"},"canonical":"https:\/\/weimar-reise.de\/en\/anfrage\/","og_locale":"en_US","og_type":"article","og_title":"Anfrage\/Kalender - Weimar Reise","og_description":"Am Lottenbach 50.9788,11.3079 Am Lottenbach Paul-Schneider-Stra\u00dfe 63 Tirso de Milano 50.9802,11.3296 Tirso de Milano Kaufstr. 16 Jetzt buchen oder unverbindlich anfragen: M\u00f6chten Sie jetzt Ihre Reise planen? Im Kalender sehen Sie die freien Tage f\u00fcr Ihre Wunsch-Ferienwohnung.\u00a0 Sie m\u00fcssen nur links am oberen Rand des Kalenderfelds den gew\u00fcnschten Monat einstellen. Nutzen Sie zur Anfrage bitte [&hellip;]","og_url":"https:\/\/weimar-reise.de\/en\/anfrage\/","og_site_name":"Weimar Reise","article_modified_time":"2025-03-25T07:07:20+00:00","twitter_card":"summary_large_image","schema":{"@context":"https:\/\/schema.org","@graph":[{"@type":"WebPage","@id":"https:\/\/weimar-reise.de\/en\/anfrage\/","url":"https:\/\/weimar-reise.de\/en\/anfrage\/","name":"Anfrage\/Kalender - Weimar Reise","isPartOf":{"@id":"https:\/\/weimar-reise.de\/#website"},"datePublished":"2016-09-26T10:29:25+00:00","dateModified":"2025-03-25T07:07:20+00:00","breadcrumb":{"@id":"https:\/\/weimar-reise.de\/en\/anfrage\/#breadcrumb"},"inLanguage":"en-US","potentialAction":[{"@type":"ReadAction","target":["https:\/\/weimar-reise.de\/en\/anfrage\/"]}]},{"@type":"BreadcrumbList","@id":"https:\/\/weimar-reise.de\/en\/anfrage\/#breadcrumb","itemListElement":[{"@type":"ListItem","position":1,"name":"Startseite","item":"https:\/\/weimar-reise.de\/"},{"@type":"ListItem","position":2,"name":"Anfrage\/Kalender"}]},{"@type":"WebSite","@id":"https:\/\/weimar-reise.de\/#website","url":"https:\/\/weimar-reise.de\/","name":"Weimar Reise","description":"Ferienwohnungen in Weimar","potentialAction":[{"@type":"SearchAction","target":{"@type":"EntryPoint","urlTemplate":"https:\/\/weimar-reise.de\/?s={search_term_string}"},"query-input":{"@type":"PropertyValueSpecification","valueRequired":true,"valueName":"search_term_string"}}],"inLanguage":"en-US"}]}},"_links":{"self":[{"href":"https:\/\/weimar-reise.de\/en\/wp-json\/wp\/v2\/pages\/1659","targetHints":{"allow":["GET"]}}],"collection":[{"href":"https:\/\/weimar-reise.de\/en\/wp-json\/wp\/v2\/pages"}],"about":[{"href":"https:\/\/weimar-reise.de\/en\/wp-json\/wp\/v2\/types\/page"}],"author":[{"embeddable":true,"href":"https:\/\/weimar-reise.de\/en\/wp-json\/wp\/v2\/users\/2"}],"replies":[{"embeddable":true,"href":"https:\/\/weimar-reise.de\/en\/wp-json\/wp\/v2\/comments?post=1659"}],"version-history":[{"count":11,"href":"https:\/\/weimar-reise.de\/en\/wp-json\/wp\/v2\/pages\/1659\/revisions"}],"predecessor-version":[{"id":3438,"href":"https:\/\/weimar-reise.de\/en\/wp-json\/wp\/v2\/pages\/1659\/revisions\/3438"}],"wp:attachment":[{"href":"https:\/\/weimar-reise.de\/en\/wp-json\/wp\/v2\/media?parent=1659"}],"curies":[{"name":"wp","href":"https:\/\/api.w.org\/{rel}","templated":true}]}}